{"id":69,"date":"2020-06-27T07:55:12","date_gmt":"2020-06-27T07:55:12","guid":{"rendered":"https:\/\/jupiterx.artbees.net\/manicure-2\/?page_id=69"},"modified":"2025-02-13T02:01:00","modified_gmt":"2025-02-13T02:01:00","slug":"404-2","status":"publish","type":"page","link":"https:\/\/festivalitoturco.com\/fr\/404-2\/","title":{"rendered":"404"},"content":{"rendered":"<div data-elementor-type=\"wp-page\" data-elementor-id=\"69\" class=\"elementor elementor-69\" data-elementor-post-type=\"page\">\n\t\t\t\t\t\t<section class=\"elementor-section elementor-top-section elementor-element elementor-element-ce085ae elementor-section-boxed elementor-section-height-default elementor-section-height-default\" data-id=\"ce085ae\" data-element_type=\"section\" data-settings=\"{&quot;jet_parallax_layout_list&quot;:[{&quot;jet_parallax_layout_image&quot;:{&quot;url&quot;:&quot;&quot;,&quot;id&quot;:&quot;&quot;,&quot;size&quot;:&quot;&quot;},&quot;_id&quot;:&quot;8844d5f&quot;,&quot;jet_parallax_layout_image_tablet&quot;:{&quot;url&quot;:&quot;&quot;,&quot;id&quot;:&quot;&quot;,&quot;size&quot;:&quot;&quot;},&quot;jet_parallax_layout_image_mobile&quot;:{&quot;url&quot;:&quot;&quot;,&quot;id&quot;:&quot;&quot;,&quot;size&quot;:&quot;&quot;},&quot;jet_parallax_layout_speed&quot;:{&quot;unit&quot;:&quot;%&quot;,&quot;size&quot;:50,&quot;sizes&quot;:[]},&quot;jet_parallax_layout_type&quot;:&quot;scroll&quot;,&quot;jet_parallax_layout_direction&quot;:&quot;1&quot;,&quot;jet_parallax_layout_fx_direction&quot;:null,&quot;jet_parallax_layout_z_index&quot;:&quot;&quot;,&quot;jet_parallax_layout_bg_x&quot;:50,&quot;jet_parallax_layout_bg_y&quot;:50,&quot;jet_parallax_layout_bg_size&quot;:&quot;auto&quot;,&quot;jet_parallax_layout_animation_prop&quot;:&quot;transform&quot;,&quot;jet_parallax_layout_on&quot;:[&quot;desktop&quot;,&quot;tablet&quot;],&quot;jet_parallax_layout_bg_x_tablet&quot;:&quot;&quot;,&quot;jet_parallax_layout_bg_x_mobile&quot;:&quot;&quot;,&quot;jet_parallax_layout_bg_y_tablet&quot;:&quot;&quot;,&quot;jet_parallax_layout_bg_y_mobile&quot;:&quot;&quot;,&quot;jet_parallax_layout_bg_size_tablet&quot;:&quot;&quot;,&quot;jet_parallax_layout_bg_size_mobile&quot;:&quot;&quot;}]}\">\n\t\t\t\t\t\t<div class=\"elementor-container elementor-column-gap-no\">\n\t\t\t\t\t<div class=\"elementor-column elementor-col-50 elementor-top-column elementor-element elementor-element-3c493cf\" data-id=\"3c493cf\" data-element_type=\"column\">\n\t\t\t<div class=\"elementor-widget-wrap elementor-element-populated\">\n\t\t\t\t\t\t<div class=\"elementor-element elementor-element-d73a68a elementor-widget elementor-widget-heading\" data-id=\"d73a68a\" data-element_type=\"widget\" data-widget_type=\"heading.default\">\n\t\t\t\t<div class=\"elementor-widget-container\">\n\t\t\t\t\t<h1 class=\"elementor-heading-title elementor-size-default\">404<\/h1>\t\t\t\t<\/div>\n\t\t\t\t<\/div>\n\t\t\t\t<div class=\"elementor-element elementor-element-f53ed14 elementor-widget elementor-widget-heading\" data-id=\"f53ed14\" data-element_type=\"widget\" data-widget_type=\"heading.default\">\n\t\t\t\t<div class=\"elementor-widget-container\">\n\t\t\t\t\t<h2 class=\"elementor-heading-title elementor-size-default\">page non trouv\u00e9e<\/h2>\t\t\t\t<\/div>\n\t\t\t\t<\/div>\n\t\t\t\t<div class=\"elementor-element elementor-element-e3953f5 elementor-widget elementor-widget-raven-button\" data-id=\"e3953f5\" data-element_type=\"widget\" data-settings=\"{&quot;turn_to_popup_action_button&quot;:&quot;no&quot;}\" data-widget_type=\"raven-button.default\">\n\t\t\t\t<div class=\"elementor-widget-container\">\n\t\t\t\t\t\t\t<div class=\"raven-widget-wrapper\">\r\n\t\t\t<a class=\"raven-button raven-button-widget-normal-effect-none elementor-button raven-button-text-align-center raven-button-link elementor-animation-none\" href=\"#\">\t\t\t\t<div class=\"raven-button-overlay\" ><\/div>\r\n\t\t\t\t<span class=\"raven-button-content\">\r\n\t\t\t\t\t\r\n\t\t\t\t\t<div class=\"button-text-container\">\r\n\t\t\t\t\t\t\t\t\t<span class=\"raven-button-icon raven-button-icon-position-left\">\r\n\t\t\t\t<svg aria-hidden=\"true\" class=\"e-font-icon-svg e-fas-angle-right\" viewbox=\"0 0 256 512\" xmlns=\"http:\/\/www.w3.org\/2000\/svg\"><path d=\"M224.3 273l-136 136c-9.4 9.4-24.6 9.4-33.9 0l-22.6-22.6c-9.4-9.4-9.4-24.6 0-33.9l96.4-96.4-96.4-96.4c-9.4-9.4-9.4-24.6 0-33.9L54.3 103c9.4-9.4 24.6-9.4 33.9 0l136 136c9.5 9.4 9.5 24.6.1 34z\"><\/path><\/svg>\t\t\t<\/span>\r\n\t\t\t\t\t\t\t\t<div class=\"raven-button-texts-wrapper\">\r\n\t\t\t\t\t\t\t<div class=\"button-text\">\r\n\t\t\t\t\t\t\t\t<span class=\"raven-button-text\">\r\n\t\t\t\t\t\t\t\t\tPage d'accueil\t\t\t\t\t\t\t\t<\/span>\r\n\t\t\t\t\t\t\t<\/div>\r\n\t\t\t\t\t\t\t\t\t\t\t\t\t<\/div>\r\n\t\t\t\t\t\t\t\t\t\t\t<\/div>\r\n\t\t\t\t\t\r\n\t\t\t\t\t\t\t\t\t<\/span>\r\n\t\t\t<\/a>\t\t<\/div>\r\n\t\t\t\t\t\t<\/div>\n\t\t\t\t<\/div>\n\t\t\t\t\t<\/div>\n\t\t<\/div>\n\t\t\t\t<div class=\"elementor-column elementor-col-50 elementor-top-column elementor-element elementor-element-3093370\" data-id=\"3093370\" data-element_type=\"column\">\n\t\t\t<div class=\"elementor-widget-wrap elementor-element-populated\">\n\t\t\t\t\t\t<div class=\"elementor-element elementor-element-41e1d89 elementor-widget elementor-widget-raven-image\" data-id=\"41e1d89\" data-element_type=\"widget\" data-widget_type=\"raven-image.default\">\n\t\t\t\t<div class=\"elementor-widget-container\">\n\t\t\t\t\t\t\t<div class=\"raven-image\">\r\n\t\t\r\n\t\t\r\n\t\t<img fetchpriority=\"high\" decoding=\"async\" width=\"370\" height=\"360\" src=\"https:\/\/festivalitoturco.com\/wp-content\/uploads\/2020\/06\/404-bg-02.jpg\" class=\"attachment-full size-full wp-image-6\" alt=\"\" srcset=\"https:\/\/festivalitoturco.com\/wp-content\/uploads\/2020\/06\/404-bg-02.jpg 370w, https:\/\/festivalitoturco.com\/wp-content\/uploads\/2020\/06\/404-bg-02-300x292.jpg 300w, https:\/\/festivalitoturco.com\/wp-content\/uploads\/2020\/06\/404-bg-02-12x12.jpg 12w\" sizes=\"(max-width: 370px) 100vw, 370px\" \/>\t\t<\/div>\r\n\t\t\t\t\t\t<\/div>\n\t\t\t\t<\/div>\n\t\t\t\t<div class=\"elementor-element elementor-element-577395b elementor-widget__width-initial elementor-absolute elementor-widget-mobile__width-initial elementor-widget elementor-widget-raven-image\" data-id=\"577395b\" data-element_type=\"widget\" data-settings=\"{&quot;_position&quot;:&quot;absolute&quot;}\" data-widget_type=\"raven-image.default\">\n\t\t\t\t<div class=\"elementor-widget-container\">\n\t\t\t\t\t\t\t<div class=\"raven-image\">\r\n\t\t\r\n\t\t\r\n\t\t<img decoding=\"async\" width=\"320\" height=\"310\" src=\"https:\/\/festivalitoturco.com\/wp-content\/uploads\/2020\/06\/404-bg-01.jpg\" class=\"attachment-full size-full wp-image-5\" alt=\"\" srcset=\"https:\/\/festivalitoturco.com\/wp-content\/uploads\/2020\/06\/404-bg-01.jpg 320w, https:\/\/festivalitoturco.com\/wp-content\/uploads\/2020\/06\/404-bg-01-300x291.jpg 300w, https:\/\/festivalitoturco.com\/wp-content\/uploads\/2020\/06\/404-bg-01-12x12.jpg 12w\" sizes=\"(max-width: 320px) 100vw, 320px\" \/>\t\t<\/div>\r\n\t\t\t\t\t\t<\/div>\n\t\t\t\t<\/div>\n\t\t\t\t\t<\/div>\n\t\t<\/div>\n\t\t\t\t\t<\/div>\n\t\t<\/section>\n\t\t\t\t<\/div>","protected":false},"excerpt":{"rendered":"<p>404 page not found Home Page<\/p>","protected":false},"author":1,"featured_media":0,"parent":0,"menu_order":0,"comment_status":"closed","ping_status":"closed","template":"full-width.php","meta":{"footnotes":""},"class_list":["post-69","page","type-page","status-publish","hentry"],"yoast_head":"<!-- This site is optimized with the Yoast SEO plugin v25.5 - https:\/\/yoast.com\/wordpress\/plugins\/seo\/ -->\n<title>Manicure - Jupiter X Templates<\/title>\n<meta name=\"description\" content=\"Your beauty and nail salon deserves a shining online presence to attract new beauty lovers. Here is Jupiter X WP Theme&#039;s colorful and dynamic Manicure website template to showcase your gorgeous nail and manicure art.\" \/>\n<meta name=\"robots\" content=\"index, follow, max-snippet:-1, max-image-preview:large, max-video-preview:-1\" \/>\n<link rel=\"canonical\" href=\"https:\/\/festivalitoturco.com\/fr\/404-2\/\" \/>\n<meta property=\"og:locale\" content=\"fr_CA\" \/>\n<meta property=\"og:type\" content=\"article\" \/>\n<meta property=\"og:title\" content=\"Manicure - Jupiter X Templates\" \/>\n<meta property=\"og:description\" content=\"Your beauty and nail salon deserves a shining online presence to attract new beauty lovers. Here is Jupiter X WP Theme&#039;s colorful and dynamic Manicure website template to showcase your gorgeous nail and manicure art.\" \/>\n<meta property=\"og:url\" content=\"https:\/\/festivalitoturco.com\/fr\/404-2\/\" \/>\n<meta property=\"og:site_name\" content=\"Festivalito Turco\" \/>\n<meta property=\"article:publisher\" content=\"https:\/\/www.facebook.com\/festivalitoturco\" \/>\n<meta property=\"article:modified_time\" content=\"2025-02-13T02:01:00+00:00\" \/>\n<meta property=\"og:image\" content=\"https:\/\/festivalitoturco.com\/wp-content\/uploads\/2020\/06\/404-bg-02.jpg\" \/>\n\t<meta property=\"og:image:width\" content=\"370\" \/>\n\t<meta property=\"og:image:height\" content=\"360\" \/>\n\t<meta property=\"og:image:type\" content=\"image\/jpeg\" \/>\n<meta name=\"twitter:card\" content=\"summary_large_image\" \/>\n<script type=\"application\/ld+json\" class=\"yoast-schema-graph\">{\"@context\":\"https:\/\/schema.org\",\"@graph\":[{\"@type\":\"WebPage\",\"@id\":\"https:\/\/festivalitoturco.com\/404-2\/\",\"url\":\"https:\/\/festivalitoturco.com\/404-2\/\",\"name\":\"Manicure - Jupiter X Templates\",\"isPartOf\":{\"@id\":\"https:\/\/festivalitoturco.com\/#website\"},\"primaryImageOfPage\":{\"@id\":\"https:\/\/festivalitoturco.com\/404-2\/#primaryimage\"},\"image\":{\"@id\":\"https:\/\/festivalitoturco.com\/404-2\/#primaryimage\"},\"thumbnailUrl\":\"https:\/\/festivalitoturco.com\/wp-content\/uploads\/2020\/06\/404-bg-02.jpg\",\"datePublished\":\"2020-06-27T07:55:12+00:00\",\"dateModified\":\"2025-02-13T02:01:00+00:00\",\"description\":\"Your beauty and nail salon deserves a shining online presence to attract new beauty lovers. Here is Jupiter X WP Theme's colorful and dynamic Manicure website template to showcase your gorgeous nail and manicure art.\",\"breadcrumb\":{\"@id\":\"https:\/\/festivalitoturco.com\/404-2\/#breadcrumb\"},\"inLanguage\":\"fr-CA\",\"potentialAction\":[{\"@type\":\"ReadAction\",\"target\":[\"https:\/\/festivalitoturco.com\/404-2\/\"]}]},{\"@type\":\"ImageObject\",\"inLanguage\":\"fr-CA\",\"@id\":\"https:\/\/festivalitoturco.com\/404-2\/#primaryimage\",\"url\":\"https:\/\/festivalitoturco.com\/wp-content\/uploads\/2020\/06\/404-bg-02.jpg\",\"contentUrl\":\"https:\/\/festivalitoturco.com\/wp-content\/uploads\/2020\/06\/404-bg-02.jpg\"},{\"@type\":\"BreadcrumbList\",\"@id\":\"https:\/\/festivalitoturco.com\/404-2\/#breadcrumb\",\"itemListElement\":[{\"@type\":\"ListItem\",\"position\":1,\"name\":\"Home\",\"item\":\"https:\/\/festivalitoturco.com\/\"},{\"@type\":\"ListItem\",\"position\":2,\"name\":\"404\"}]},{\"@type\":\"WebSite\",\"@id\":\"https:\/\/festivalitoturco.com\/#website\",\"url\":\"https:\/\/festivalitoturco.com\/\",\"name\":\"Festivalito Turco\",\"description\":\"A mini Tango Festival and Championship with Turkish Flavor\",\"publisher\":{\"@id\":\"https:\/\/festivalitoturco.com\/#organization\"},\"potentialAction\":[{\"@type\":\"SearchAction\",\"target\":{\"@type\":\"EntryPoint\",\"urlTemplate\":\"https:\/\/festivalitoturco.com\/?s={search_term_string}\"},\"query-input\":{\"@type\":\"PropertyValueSpecification\",\"valueRequired\":true,\"valueName\":\"search_term_string\"}}],\"inLanguage\":\"fr-CA\"},{\"@type\":\"Organization\",\"@id\":\"https:\/\/festivalitoturco.com\/#organization\",\"name\":\"Festivalito Turco\",\"url\":\"https:\/\/festivalitoturco.com\/\",\"logo\":{\"@type\":\"ImageObject\",\"inLanguage\":\"fr-CA\",\"@id\":\"https:\/\/festivalitoturco.com\/#\/schema\/logo\/image\/\",\"url\":\"https:\/\/festivalitoturco.com\/wp-content\/uploads\/2025\/02\/festivalitoturco.svg\",\"contentUrl\":\"https:\/\/festivalitoturco.com\/wp-content\/uploads\/2025\/02\/festivalitoturco.svg\",\"width\":700,\"height\":100,\"caption\":\"Festivalito Turco\"},\"image\":{\"@id\":\"https:\/\/festivalitoturco.com\/#\/schema\/logo\/image\/\"},\"sameAs\":[\"https:\/\/www.facebook.com\/festivalitoturco\",\"https:\/\/www.instagram.com\/festivalitoturco\"]}]}<\/script>\n<!-- \/ Yoast SEO plugin. -->","yoast_head_json":{"title":"Manucure - Jupiter X Templates","description":"Votre salon de beaut\u00e9 et de manucure m\u00e9rite une pr\u00e9sence en ligne brillante pour attirer de nouveaux amateurs de beaut\u00e9. Voici le mod\u00e8le de site web color\u00e9 et dynamique de Jupiter X WP Theme Manicure pour pr\u00e9senter votre magnifique art de l'ongle et de la manucure.","robots":{"index":"index","follow":"follow","max-snippet":"max-snippet:-1","max-image-preview":"max-image-preview:large","max-video-preview":"max-video-preview:-1"},"canonical":"https:\/\/festivalitoturco.com\/fr\/404-2\/","og_locale":"fr_CA","og_type":"article","og_title":"Manicure - Jupiter X Templates","og_description":"Your beauty and nail salon deserves a shining online presence to attract new beauty lovers. Here is Jupiter X WP Theme's colorful and dynamic Manicure website template to showcase your gorgeous nail and manicure art.","og_url":"https:\/\/festivalitoturco.com\/fr\/404-2\/","og_site_name":"Festivalito Turco","article_publisher":"https:\/\/www.facebook.com\/festivalitoturco","article_modified_time":"2025-02-13T02:01:00+00:00","og_image":[{"width":370,"height":360,"url":"https:\/\/festivalitoturco.com\/wp-content\/uploads\/2020\/06\/404-bg-02.jpg","type":"image\/jpeg"}],"twitter_card":"summary_large_image","schema":{"@context":"https:\/\/schema.org","@graph":[{"@type":"WebPage","@id":"https:\/\/festivalitoturco.com\/404-2\/","url":"https:\/\/festivalitoturco.com\/404-2\/","name":"Manucure - Jupiter X Templates","isPartOf":{"@id":"https:\/\/festivalitoturco.com\/#website"},"primaryImageOfPage":{"@id":"https:\/\/festivalitoturco.com\/404-2\/#primaryimage"},"image":{"@id":"https:\/\/festivalitoturco.com\/404-2\/#primaryimage"},"thumbnailUrl":"https:\/\/festivalitoturco.com\/wp-content\/uploads\/2020\/06\/404-bg-02.jpg","datePublished":"2020-06-27T07:55:12+00:00","dateModified":"2025-02-13T02:01:00+00:00","description":"Votre salon de beaut\u00e9 et de manucure m\u00e9rite une pr\u00e9sence en ligne brillante pour attirer de nouveaux amateurs de beaut\u00e9. Voici le mod\u00e8le de site web color\u00e9 et dynamique de Jupiter X WP Theme Manicure pour pr\u00e9senter votre magnifique art de l'ongle et de la manucure.","breadcrumb":{"@id":"https:\/\/festivalitoturco.com\/404-2\/#breadcrumb"},"inLanguage":"fr-CA","potentialAction":[{"@type":"ReadAction","target":["https:\/\/festivalitoturco.com\/404-2\/"]}]},{"@type":"ImageObject","inLanguage":"fr-CA","@id":"https:\/\/festivalitoturco.com\/404-2\/#primaryimage","url":"https:\/\/festivalitoturco.com\/wp-content\/uploads\/2020\/06\/404-bg-02.jpg","contentUrl":"https:\/\/festivalitoturco.com\/wp-content\/uploads\/2020\/06\/404-bg-02.jpg"},{"@type":"BreadcrumbList","@id":"https:\/\/festivalitoturco.com\/404-2\/#breadcrumb","itemListElement":[{"@type":"ListItem","position":1,"name":"Home","item":"https:\/\/festivalitoturco.com\/"},{"@type":"ListItem","position":2,"name":"404"}]},{"@type":"WebSite","@id":"https:\/\/festivalitoturco.com\/#website","url":"https:\/\/festivalitoturco.com\/","name":"Festivalito Turco","description":"Un mini-festival de tango et un championnat aux saveurs turques","publisher":{"@id":"https:\/\/festivalitoturco.com\/#organization"},"potentialAction":[{"@type":"SearchAction","target":{"@type":"EntryPoint","urlTemplate":"https:\/\/festivalitoturco.com\/?s={search_term_string}"},"query-input":{"@type":"PropertyValueSpecification","valueRequired":true,"valueName":"search_term_string"}}],"inLanguage":"fr-CA"},{"@type":"Organization","@id":"https:\/\/festivalitoturco.com\/#organization","name":"Festivalito Turco","url":"https:\/\/festivalitoturco.com\/","logo":{"@type":"ImageObject","inLanguage":"fr-CA","@id":"https:\/\/festivalitoturco.com\/#\/schema\/logo\/image\/","url":"https:\/\/festivalitoturco.com\/wp-content\/uploads\/2025\/02\/festivalitoturco.svg","contentUrl":"https:\/\/festivalitoturco.com\/wp-content\/uploads\/2025\/02\/festivalitoturco.svg","width":700,"height":100,"caption":"Festivalito Turco"},"image":{"@id":"https:\/\/festivalitoturco.com\/#\/schema\/logo\/image\/"},"sameAs":["https:\/\/www.facebook.com\/festivalitoturco","https:\/\/www.instagram.com\/festivalitoturco"]}]}},"jetpack_sharing_enabled":true,"_links":{"self":[{"href":"https:\/\/festivalitoturco.com\/fr\/wp-json\/wp\/v2\/pages\/69","targetHints":{"allow":["GET"]}}],"collection":[{"href":"https:\/\/festivalitoturco.com\/fr\/wp-json\/wp\/v2\/pages"}],"about":[{"href":"https:\/\/festivalitoturco.com\/fr\/wp-json\/wp\/v2\/types\/page"}],"author":[{"embeddable":true,"href":"https:\/\/festivalitoturco.com\/fr\/wp-json\/wp\/v2\/users\/1"}],"replies":[{"embeddable":true,"href":"https:\/\/festivalitoturco.com\/fr\/wp-json\/wp\/v2\/comments?post=69"}],"version-history":[{"count":0,"href":"https:\/\/festivalitoturco.com\/fr\/wp-json\/wp\/v2\/pages\/69\/revisions"}],"wp:attachment":[{"href":"https:\/\/festivalitoturco.com\/fr\/wp-json\/wp\/v2\/media?parent=69"}],"curies":[{"name":"wp","href":"https:\/\/api.w.org\/{rel}","templated":true}]}}