{"id":1343,"date":"2025-02-26T23:56:41","date_gmt":"2025-02-26T23:56:41","guid":{"rendered":"https:\/\/festivalitoturco.com\/?post_type=product&#038;p=1343"},"modified":"2025-08-28T10:50:14","modified_gmt":"2025-08-28T14:50:14","slug":"saturday-workshops","status":"publish","type":"product","link":"https:\/\/festivalitoturco.com\/fr\/produit\/saturday-workshops\/","title":{"rendered":"Ateliers du samedi"},"content":{"rendered":"<p><strong>Ateliers du samedi par les Maestros :<\/strong><br \/>\nVE4 Vanessa &amp; E\u015fref - Cortados \u00e9pic\u00e9s : ajouter de la dynamique et des boleos (INT)<br \/>\nCB4 \u00c7iko &amp; Burak - Partie 2 Elastiques : Suspension, rebond et flux (INT\/ADV)<br \/>\nVE5 Vanessa &amp; E\u015fref - Acc\u00e9l\u00e9ration en giros (INT\/ADV)<br \/>\nAT3 Technique de l'adepte avec Ay\u015fe (ALL)<\/p>\n<p>&nbsp;<\/p>\n<p>&nbsp;<\/p>","protected":false},"excerpt":{"rendered":"<p><strong>Ateliers du samedi par les Maestros :<\/strong><br \/>\nVE4 Vanessa &amp; E\u015fref - Cortados \u00e9pic\u00e9s : ajouter de la dynamique et des boleos (INT)<br \/>\nCB4 \u00c7iko &amp; Burak - Partie 2 Elastiques : Suspension, rebond et flux (INT\/ADV)<br \/>\nVE5 Vanessa &amp; E\u015fref - Acc\u00e9l\u00e9ration en giros (INT\/ADV)<br \/>\nAT3 Technique de l'adepte avec Ay\u015fe (ALL)<\/p>\n<ul>\n<li>S\u00e9lectionnez le(s) atelier(s) que vous souhaitez suivre, puis choisissez votre r\u00f4le de leader ou de suiveur et ajoutez le panier.<\/li>\n<li>Si vous vous inscrivez en tant que couple, veuillez ajouter \u00e0 nouveau le m\u00eame produit dans le panier en s\u00e9lectionnant le r\u00f4le de votre partenaire.<\/li>\n<\/ul>","protected":false},"featured_media":1395,"template":"","meta":[],"product_brand":[],"product_cat":[18],"product_tag":[17],"class_list":{"0":"post-1343","1":"product","2":"type-product","3":"status-publish","4":"has-post-thumbnail","6":"product_cat-workshops","7":"product_tag-workshop","9":"first","10":"outofstock","11":"taxable","12":"shipping-taxable","13":"purchasable","14":"product-type-variable"},"yoast_head":"<!-- This site is optimized with the Yoast SEO plugin v25.5 - https:\/\/yoast.com\/wordpress\/plugins\/seo\/ -->\n<title>Saturday Workshops - Festivalito Turco<\/title>\n<meta name=\"description\" content=\"Saturday workshops by maestros at festivalito turco\" \/>\n<meta name=\"robots\" content=\"index, follow, max-snippet:-1, max-image-preview:large, max-video-preview:-1\" \/>\n<link rel=\"canonical\" href=\"https:\/\/festivalitoturco.com\/fr\/produit\/saturday-workshops\/\" \/>\n<meta property=\"og:locale\" content=\"fr_CA\" \/>\n<meta property=\"og:type\" content=\"article\" \/>\n<meta property=\"og:title\" content=\"Saturday Workshops - Festivalito Turco\" \/>\n<meta property=\"og:description\" content=\"Saturday workshops by maestros at festivalito turco\" \/>\n<meta property=\"og:url\" content=\"https:\/\/festivalitoturco.com\/fr\/produit\/saturday-workshops\/\" \/>\n<meta property=\"og:site_name\" content=\"Festivalito Turco\" \/>\n<meta property=\"article:publisher\" content=\"https:\/\/www.facebook.com\/festivalitoturco\" \/>\n<meta property=\"article:modified_time\" content=\"2025-08-28T14:50:14+00:00\" \/>\n<meta property=\"og:image\" content=\"https:\/\/festivalitoturco.com\/wp-content\/uploads\/2025\/02\/workshop-3.png\" \/>\n\t<meta property=\"og:image:width\" content=\"1080\" \/>\n\t<meta property=\"og:image:height\" content=\"1350\" \/>\n\t<meta property=\"og:image:type\" content=\"image\/png\" \/>\n<meta name=\"twitter:card\" content=\"summary_large_image\" \/>\n<meta name=\"twitter:label1\" content=\"Estimation du temps de lecture\" \/>\n\t<meta name=\"twitter:data1\" content=\"1 minute\" \/>\n<script type=\"application\/ld+json\" class=\"yoast-schema-graph\">{\"@context\":\"https:\/\/schema.org\",\"@graph\":[{\"@type\":\"WebPage\",\"@id\":\"https:\/\/festivalitoturco.com\/product\/saturday-workshops\/\",\"url\":\"https:\/\/festivalitoturco.com\/product\/saturday-workshops\/\",\"name\":\"Saturday Workshops - Festivalito Turco\",\"isPartOf\":{\"@id\":\"https:\/\/festivalitoturco.com\/#website\"},\"primaryImageOfPage\":{\"@id\":\"https:\/\/festivalitoturco.com\/product\/saturday-workshops\/#primaryimage\"},\"image\":{\"@id\":\"https:\/\/festivalitoturco.com\/product\/saturday-workshops\/#primaryimage\"},\"thumbnailUrl\":\"https:\/\/festivalitoturco.com\/wp-content\/uploads\/2025\/02\/workshop-3.png\",\"datePublished\":\"2025-02-26T23:56:41+00:00\",\"dateModified\":\"2025-08-28T14:50:14+00:00\",\"description\":\"Saturday workshops by maestros at festivalito turco\",\"breadcrumb\":{\"@id\":\"https:\/\/festivalitoturco.com\/product\/saturday-workshops\/#breadcrumb\"},\"inLanguage\":\"fr-CA\",\"potentialAction\":[{\"@type\":\"ReadAction\",\"target\":[\"https:\/\/festivalitoturco.com\/product\/saturday-workshops\/\"]}]},{\"@type\":\"ImageObject\",\"inLanguage\":\"fr-CA\",\"@id\":\"https:\/\/festivalitoturco.com\/product\/saturday-workshops\/#primaryimage\",\"url\":\"https:\/\/festivalitoturco.com\/wp-content\/uploads\/2025\/02\/workshop-3.png\",\"contentUrl\":\"https:\/\/festivalitoturco.com\/wp-content\/uploads\/2025\/02\/workshop-3.png\",\"width\":1080,\"height\":1350},{\"@type\":\"BreadcrumbList\",\"@id\":\"https:\/\/festivalitoturco.com\/product\/saturday-workshops\/#breadcrumb\",\"itemListElement\":[{\"@type\":\"ListItem\",\"position\":1,\"name\":\"Home\",\"item\":\"https:\/\/festivalitoturco.com\/\"},{\"@type\":\"ListItem\",\"position\":2,\"name\":\"Shop\",\"item\":\"https:\/\/festivalitoturco.com\/shop\/\"},{\"@type\":\"ListItem\",\"position\":3,\"name\":\"Saturday Workshops\"}]},{\"@type\":\"WebSite\",\"@id\":\"https:\/\/festivalitoturco.com\/#website\",\"url\":\"https:\/\/festivalitoturco.com\/\",\"name\":\"Festivalito Turco\",\"description\":\"A mini Tango Festival and Championship with Turkish Flavor\",\"publisher\":{\"@id\":\"https:\/\/festivalitoturco.com\/#organization\"},\"potentialAction\":[{\"@type\":\"SearchAction\",\"target\":{\"@type\":\"EntryPoint\",\"urlTemplate\":\"https:\/\/festivalitoturco.com\/?s={search_term_string}\"},\"query-input\":{\"@type\":\"PropertyValueSpecification\",\"valueRequired\":true,\"valueName\":\"search_term_string\"}}],\"inLanguage\":\"fr-CA\"},{\"@type\":\"Organization\",\"@id\":\"https:\/\/festivalitoturco.com\/#organization\",\"name\":\"Festivalito Turco\",\"url\":\"https:\/\/festivalitoturco.com\/\",\"logo\":{\"@type\":\"ImageObject\",\"inLanguage\":\"fr-CA\",\"@id\":\"https:\/\/festivalitoturco.com\/#\/schema\/logo\/image\/\",\"url\":\"https:\/\/festivalitoturco.com\/wp-content\/uploads\/2025\/02\/festivalitoturco.svg\",\"contentUrl\":\"https:\/\/festivalitoturco.com\/wp-content\/uploads\/2025\/02\/festivalitoturco.svg\",\"width\":700,\"height\":100,\"caption\":\"Festivalito Turco\"},\"image\":{\"@id\":\"https:\/\/festivalitoturco.com\/#\/schema\/logo\/image\/\"},\"sameAs\":[\"https:\/\/www.facebook.com\/festivalitoturco\",\"https:\/\/www.instagram.com\/festivalitoturco\"]}]}<\/script>\n<!-- \/ Yoast SEO plugin. -->","yoast_head_json":{"title":"Saturday Workshops - Festivalito Turco","description":"Saturday workshops by maestros at festivalito turco","robots":{"index":"index","follow":"follow","max-snippet":"max-snippet:-1","max-image-preview":"max-image-preview:large","max-video-preview":"max-video-preview:-1"},"canonical":"https:\/\/festivalitoturco.com\/fr\/produit\/saturday-workshops\/","og_locale":"fr_CA","og_type":"article","og_title":"Saturday Workshops - Festivalito Turco","og_description":"Saturday workshops by maestros at festivalito turco","og_url":"https:\/\/festivalitoturco.com\/fr\/produit\/saturday-workshops\/","og_site_name":"Festivalito Turco","article_publisher":"https:\/\/www.facebook.com\/festivalitoturco","article_modified_time":"2025-08-28T14:50:14+00:00","og_image":[{"width":1080,"height":1350,"url":"https:\/\/festivalitoturco.com\/wp-content\/uploads\/2025\/02\/workshop-3.png","type":"image\/png"}],"twitter_card":"summary_large_image","twitter_misc":{"Estimation du temps de lecture":"1 minute"},"schema":{"@context":"https:\/\/schema.org","@graph":[{"@type":"WebPage","@id":"https:\/\/festivalitoturco.com\/product\/saturday-workshops\/","url":"https:\/\/festivalitoturco.com\/product\/saturday-workshops\/","name":"Saturday Workshops - Festivalito Turco","isPartOf":{"@id":"https:\/\/festivalitoturco.com\/#website"},"primaryImageOfPage":{"@id":"https:\/\/festivalitoturco.com\/product\/saturday-workshops\/#primaryimage"},"image":{"@id":"https:\/\/festivalitoturco.com\/product\/saturday-workshops\/#primaryimage"},"thumbnailUrl":"https:\/\/festivalitoturco.com\/wp-content\/uploads\/2025\/02\/workshop-3.png","datePublished":"2025-02-26T23:56:41+00:00","dateModified":"2025-08-28T14:50:14+00:00","description":"Saturday workshops by maestros at festivalito turco","breadcrumb":{"@id":"https:\/\/festivalitoturco.com\/product\/saturday-workshops\/#breadcrumb"},"inLanguage":"fr-CA","potentialAction":[{"@type":"ReadAction","target":["https:\/\/festivalitoturco.com\/product\/saturday-workshops\/"]}]},{"@type":"ImageObject","inLanguage":"fr-CA","@id":"https:\/\/festivalitoturco.com\/product\/saturday-workshops\/#primaryimage","url":"https:\/\/festivalitoturco.com\/wp-content\/uploads\/2025\/02\/workshop-3.png","contentUrl":"https:\/\/festivalitoturco.com\/wp-content\/uploads\/2025\/02\/workshop-3.png","width":1080,"height":1350},{"@type":"BreadcrumbList","@id":"https:\/\/festivalitoturco.com\/product\/saturday-workshops\/#breadcrumb","itemListElement":[{"@type":"ListItem","position":1,"name":"Home","item":"https:\/\/festivalitoturco.com\/"},{"@type":"ListItem","position":2,"name":"Shop","item":"https:\/\/festivalitoturco.com\/shop\/"},{"@type":"ListItem","position":3,"name":"Saturday Workshops"}]},{"@type":"WebSite","@id":"https:\/\/festivalitoturco.com\/#website","url":"https:\/\/festivalitoturco.com\/","name":"Festivalito Turco","description":"Un mini-festival de tango et un championnat aux saveurs turques","publisher":{"@id":"https:\/\/festivalitoturco.com\/#organization"},"potentialAction":[{"@type":"SearchAction","target":{"@type":"EntryPoint","urlTemplate":"https:\/\/festivalitoturco.com\/?s={search_term_string}"},"query-input":{"@type":"PropertyValueSpecification","valueRequired":true,"valueName":"search_term_string"}}],"inLanguage":"fr-CA"},{"@type":"Organization","@id":"https:\/\/festivalitoturco.com\/#organization","name":"Festivalito Turco","url":"https:\/\/festivalitoturco.com\/","logo":{"@type":"ImageObject","inLanguage":"fr-CA","@id":"https:\/\/festivalitoturco.com\/#\/schema\/logo\/image\/","url":"https:\/\/festivalitoturco.com\/wp-content\/uploads\/2025\/02\/festivalitoturco.svg","contentUrl":"https:\/\/festivalitoturco.com\/wp-content\/uploads\/2025\/02\/festivalitoturco.svg","width":700,"height":100,"caption":"Festivalito Turco"},"image":{"@id":"https:\/\/festivalitoturco.com\/#\/schema\/logo\/image\/"},"sameAs":["https:\/\/www.facebook.com\/festivalitoturco","https:\/\/www.instagram.com\/festivalitoturco"]}]}},"jetpack_sharing_enabled":true,"_links":{"self":[{"href":"https:\/\/festivalitoturco.com\/fr\/wp-json\/wp\/v2\/product\/1343","targetHints":{"allow":["GET"]}}],"collection":[{"href":"https:\/\/festivalitoturco.com\/fr\/wp-json\/wp\/v2\/product"}],"about":[{"href":"https:\/\/festivalitoturco.com\/fr\/wp-json\/wp\/v2\/types\/product"}],"wp:featuredmedia":[{"embeddable":true,"href":"https:\/\/festivalitoturco.com\/fr\/wp-json\/wp\/v2\/media\/1395"}],"wp:attachment":[{"href":"https:\/\/festivalitoturco.com\/fr\/wp-json\/wp\/v2\/media?parent=1343"}],"wp:term":[{"taxonomy":"product_brand","embeddable":true,"href":"https:\/\/festivalitoturco.com\/fr\/wp-json\/wp\/v2\/product_brand?post=1343"},{"taxonomy":"product_cat","embeddable":true,"href":"https:\/\/festivalitoturco.com\/fr\/wp-json\/wp\/v2\/product_cat?post=1343"},{"taxonomy":"product_tag","embeddable":true,"href":"https:\/\/festivalitoturco.com\/fr\/wp-json\/wp\/v2\/product_tag?post=1343"}],"curies":[{"name":"wp","href":"https:\/\/api.w.org\/{rel}","templated":true}]}}